{"id":874,"date":"2017-07-04T15:33:28","date_gmt":"2017-07-04T15:33:28","guid":{"rendered":"http:\/\/munich-business-shuttle.com\/?page_id=874"},"modified":"2018-02-02T07:59:36","modified_gmt":"2018-02-02T07:59:36","slug":"impressum","status":"publish","type":"page","link":"https:\/\/www.munich-business-shuttle.com\/en\/impressum\/","title":{"rendered":"Impressum"},"content":{"rendered":"<p>[vc_row][vc_column][vc_column_text]<strong>Adress<\/strong><strong><br \/>\n<\/strong>Mietwagenservice Schmidt<br \/>\nHofoldinger Str. 16A<br \/>\n82054 Sauerlach<\/p>\n<p><strong>VATIN<\/strong><br \/>\nUSt.-ID: DE280422461<\/p>\n<p><strong>CEO<\/strong><br \/>\nVertreten durch den Gesch\u00e4ftsf\u00fchrer Eric Schmidt<\/p>\n<p><strong>Contact<\/strong><br \/>\nMobile: +49 151 223 678 99<br \/>\nMail: <a href=\"mailto:info@munich-ski-shuttle.com\">info@munich-business-shuttle.com<\/a><\/p>\n<p><strong>Webdesign<\/strong><br \/>\nJS CREATIVE SERVICES GmbH<br \/>\nAugsburgerstra\u00dfe 10<br \/>\n80337 M\u00fcnchen<br \/>\n<a href=\"https:\/\/www.js-creative-services.com\/\">www.js-creative-services.com<\/a><\/p>\n<p><strong>Competent licensing authority<\/strong><strong><br \/>\n<\/strong>Landratsamt M\u00fcnchen, Sachgebiet 6.5, Frankenthaler Str. 5-9, 81539 M\u00fcnchen<\/p>\n<p>Faceook-Link-Icon: YOOtheme, <a href=\"https:\/\/www.yootheme.com\/icons\">www.yootheme.com\/icons<\/a><\/p>\n<p>S\u00e4mtliche Inhalte, insbesondere Fotos und Texte, dieser Internetpr\u00e4senz sind Eigentum der jeweiligen Urheber und d\u00fcrfen keinesfalls durch unberechtigte Dritte verwendet werden.<\/p>\n<p>Der Betreiber \u00fcbernimmt keinerlei Haftung f\u00fcr die angebotenen Inhalte. Trotz sorgf\u00e4ltiger Pr\u00fcfung der mit diesem Angebot verlinkten Internetseiten kann keinerlei Haftung f\u00fcr deren Inhalt \u00fcbernommen werden. Sollten Ihnen auf verlinkten Internetseiten rechtswidrige Inhalte auffallen, kontaktieren Sie mich bitte, damit ich den entsprechenden Link entfernen kann.<\/p>\n<p><strong>Benutzung von Google Analytics<\/strong><strong><br \/>\n<\/strong>Diese Website benutzt Google Analytics, einen Webanalysedienst der Google Inc. (\u201eGoogle\u201c). Google Analytics verwendet sog. \u201eCookies\u201c, Textdateien, die auf Ihrem Computer gespeichert werden und die eine Analyse der Benutzung der Website durch Sie erm\u00f6glichen. Die durch den Cookie erzeugten Informationen \u00fcber Ihre Benutzung dieser Website (einschlie\u00dflich Ihrer IP-Adresse, die jedoch vor dem Speichern mit der Methode _anonymizeIp() anonymisiert wird, so dass sie nicht mehr einem Anschluss zugeordnet werden kann) wird an einen Server von Google in den USA \u00fcbertragen und dort gespeichert. Google wird diese Informationen benutzen, um Ihre Nutzung der Website auszuwerten, um Reports \u00fcber die Websiteaktivit\u00e4ten f\u00fcr die Websitebetreiber zusammenzustellen und um weitere mit der Websitenutzung und der Internetnutzung verbundene Dienstleistungen zu erbringen. Auch wird Google diese Informationen gegebenenfalls an Dritte \u00fcbertragen, sofern dies gesetzlich vorgeschrieben oder soweit Dritte diese Daten im Auftrag von Google verarbeiten. Google wird in keinem Fall Ihre IP-Adresse mit anderen Daten von Google in Verbindung bringen. Sie k\u00f6nnen die Installation der Cookies durch eine entsprechende Einstellung Ihrer Browser-Software verhindern; wir weisen Sie jedoch darauf hin, dass Sie in diesem Fall gegebenenfalls nicht s\u00e4mtliche Funktionen dieser Website vollumf\u00e4nglich nutzen k\u00f6nnen. Durch die Nutzung dieser Website erkl\u00e4ren Sie sich mit der Bearbeitung der \u00fcber Sie erhobenen Daten durch Google in der zuvor beschriebenen Art und Weise und zu dem zuvor benannten Zweck einverstanden.<br \/>\nSie k\u00f6nnen der Erhebung der Daten durch Google-Analytics mit Wirkung f\u00fcr die Zukunft widersprechen, indem sie ein Deaktivierungs-Add-on (<a href=\"https:\/\/tools.google.com\/dlpage\/gaoptout?hl=de\">https:\/\/tools.google.com\/dlpage\/gaoptout?hl=de<\/a>) f\u00fcr Ihren Browser installieren.[\/vc_column_text][\/vc_column][\/vc_row]<\/p>","protected":false},"excerpt":{"rendered":"<p>[vc_row][vc_column][vc_column_text]Adress Mietwagenservice Schmidt Hofoldinger Str. 16A 82054 Sauerlach VATIN USt.-ID: DE280422461 CEO Vertreten durch den Gesch\u00e4ftsf\u00fchrer Eric Schmidt Contact Mobile: +49 151 223 678 99 Mail: info@munich-business-shuttle.com Webdesign JS CREATIVE SERVICES GmbH Augsburgerstra\u00dfe 10 80337 M\u00fcnchen www.js-creative-services.com Competent licensing authority Landratsamt M\u00fcnchen, Sachgebiet 6.5, Frankenthaler Str. 5-9, 81539 M\u00fcnchen Faceook-Link-Icon: YOOtheme, www.yootheme.com\/icons S\u00e4mtliche Inhalte, insbesondere<\/p>\n","protected":false},"author":1,"featured_media":0,"parent":0,"menu_order":0,"comment_status":"closed","ping_status":"closed","template":"","meta":{"footnotes":""},"class_list":["post-874","page","type-page","status-publish","hentry"],"_links":{"self":[{"href":"https:\/\/www.munich-business-shuttle.com\/en\/wp-json\/wp\/v2\/pages\/874","targetHints":{"allow":["GET"]}}],"collection":[{"href":"https:\/\/www.munich-business-shuttle.com\/en\/wp-json\/wp\/v2\/pages"}],"about":[{"href":"https:\/\/www.munich-business-shuttle.com\/en\/wp-json\/wp\/v2\/types\/page"}],"author":[{"embeddable":true,"href":"https:\/\/www.munich-business-shuttle.com\/en\/wp-json\/wp\/v2\/users\/1"}],"replies":[{"embeddable":true,"href":"https:\/\/www.munich-business-shuttle.com\/en\/wp-json\/wp\/v2\/comments?post=874"}],"version-history":[{"count":9,"href":"https:\/\/www.munich-business-shuttle.com\/en\/wp-json\/wp\/v2\/pages\/874\/revisions"}],"predecessor-version":[{"id":2393,"href":"https:\/\/www.munich-business-shuttle.com\/en\/wp-json\/wp\/v2\/pages\/874\/revisions\/2393"}],"wp:attachment":[{"href":"https:\/\/www.munich-business-shuttle.com\/en\/wp-json\/wp\/v2\/media?parent=874"}],"curies":[{"name":"wp","href":"https:\/\/api.w.org\/{rel}","templated":true}]}}